{"id":130,"date":"2023-06-05T13:09:00","date_gmt":"2023-06-05T16:09:00","guid":{"rendered":"https:\/\/azmeta.com.br\/?page_id=130"},"modified":"2023-06-05T13:09:00","modified_gmt":"2023-06-05T16:09:00","slug":"resultados-da-busca","status":"publish","type":"page","link":"https:\/\/azmeta.flowup.agency\/index.php\/resultados-da-busca\/","title":{"rendered":"Resultados da Busca"},"content":{"rendered":"<section class=\"l-section wpb_row height_small color_primary with_img\"><div class=\"l-section-img\" role=\"img\" data-img-width=\"1920\" data-img-height=\"368\" style=\"background-image: url(https:\/\/azmeta.flowup.agency\/wp-content\/uploads\/2023\/06\/fundo-topo-prime-az-meta.jpg);background-repeat: no-repeat;\"><\/div><div class=\"l-section-h i-cf\"><div class=\"g-cols vc_row via_grid cols_1 laptops-cols_inherit tablets-cols_inherit mobiles-cols_1 valign_top type_default stacking_default\"><div class=\"wpb_column vc_column_container\"><div class=\"vc_column-inner\"><div class=\"w-separator size_medium\"><\/div><h3 class=\"w-post-elm post_title us_custom_9de87d4e entry-title color_link_inherit\">Resultados da Busca<\/h3><\/div><\/div><\/div><\/div><\/section><section class=\"l-section wpb_row height_small color_alternate\"><div class=\"l-section-h i-cf\"><div class=\"g-cols vc_row via_grid cols_1 laptops-cols_inherit tablets-cols_inherit mobiles-cols_1 valign_top type_default stacking_default\"><div class=\"wpb_column vc_column_container\"><div class=\"vc_column-inner\"><section class=\"l-section wpb_row height_auto color_alternate\"><div class=\"l-section-h i-cf\"><div class=\"g-cols vc_row via_grid cols_6 laptops-cols_inherit tablets-cols_inherit mobiles-cols_1 valign_top type_default stacking_default\"><div class=\"wpb_column vc_column_container has-link\"><div class=\"vc_column-inner\"><div class=\"w-vwrapper align_center valign_top\" style=\"--vwrapper-gap:0.6rem\"><div class=\"w-image align_none\"><div class=\"w-image-h\"><img decoding=\"async\" width=\"64\" height=\"64\" src=\"https:\/\/azmeta.flowup.agency\/wp-content\/uploads\/2023\/06\/icone-automacao-prime-az-meta.png\" class=\"attachment-full size-full\" alt=\"\" loading=\"lazy\" \/><\/div><\/div><div class=\"wpb_text_column us_custom_c0dd59f4\"><div class=\"wpb_wrapper\"><p>AUTOMA\u00c7\u00c3O COMERCIAL E INDUSTRIAL<\/p>\n<\/div><\/div><\/div><\/div><a href=\"https:\/\/azmeta.com.br\/produtos_categoria\/automacao-comercial-e-industrial\/\" class=\"vc_column-link smooth-scroll\" aria-label=\"Link\"><\/a><\/div><div class=\"wpb_column vc_column_container has-link\"><div class=\"vc_column-inner\"><div class=\"w-vwrapper align_center valign_top\" style=\"--vwrapper-gap:0.6rem\"><div class=\"w-image align_none\"><div class=\"w-image-h\"><img decoding=\"async\" width=\"64\" height=\"64\" src=\"https:\/\/azmeta.flowup.agency\/wp-content\/uploads\/2023\/06\/icone-perifericos-prime-az-meta.png\" class=\"attachment-full size-full\" alt=\"\" loading=\"lazy\" \/><\/div><\/div><div class=\"wpb_text_column us_custom_c0dd59f4\"><div class=\"wpb_wrapper\"><p>PERIF\u00c9RICOS E ACESS\u00d3RIOS DE INFORM\u00c1TICA<\/p>\n<\/div><\/div><\/div><\/div><a href=\"https:\/\/azmeta.com.br\/produtos_categoria\/perifericos-e-acessorios-de-informatica\/\" class=\"vc_column-link smooth-scroll\" aria-label=\"Link\"><\/a><\/div><div class=\"wpb_column vc_column_container has-link\"><div class=\"vc_column-inner\"><div class=\"w-vwrapper align_center valign_top\" style=\"--vwrapper-gap:0.6rem\"><div class=\"w-image align_none\"><div class=\"w-image-h\"><img decoding=\"async\" width=\"64\" height=\"64\" src=\"https:\/\/azmeta.flowup.agency\/wp-content\/uploads\/2023\/06\/icone-computadores-prime-az-meta.png\" class=\"attachment-full size-full\" alt=\"\" loading=\"lazy\" \/><\/div><\/div><div class=\"wpb_text_column us_custom_c0dd59f4\"><div class=\"wpb_wrapper\"><p>COMPUTADORES, MONITORES E IMPRESSORAS<\/p>\n<\/div><\/div><\/div><\/div><a href=\"https:\/\/azmeta.com.br\/produtos_categoria\/computadores-monitores-e-impressoras\/\" class=\"vc_column-link smooth-scroll\" aria-label=\"Link\"><\/a><\/div><div class=\"wpb_column vc_column_container has-link\"><div class=\"vc_column-inner\"><div class=\"w-vwrapper align_center valign_top\" style=\"--vwrapper-gap:0.6rem\"><div class=\"w-image align_none\"><div class=\"w-image-h\"><img decoding=\"async\" width=\"64\" height=\"64\" src=\"https:\/\/azmeta.flowup.agency\/wp-content\/uploads\/2023\/06\/icone-audio-prime-az-meta.png\" class=\"attachment-full size-full\" alt=\"\" loading=\"lazy\" \/><\/div><\/div><div class=\"wpb_text_column us_custom_c0dd59f4\"><div class=\"wpb_wrapper\"><p>\u00c1UDIO E V\u00cdDEO<\/p>\n<\/div><\/div><\/div><\/div><a href=\"https:\/\/azmeta.com.br\/produtos_categoria\/audio-e-video\/\" class=\"vc_column-link smooth-scroll\" aria-label=\"Link\"><\/a><\/div><div class=\"wpb_column vc_column_container has-link\"><div class=\"vc_column-inner\"><div class=\"w-vwrapper align_center valign_top\" style=\"--vwrapper-gap:0.6rem\"><div class=\"w-image align_none\"><div class=\"w-image-h\"><img decoding=\"async\" width=\"64\" height=\"65\" src=\"https:\/\/azmeta.flowup.agency\/wp-content\/uploads\/2023\/06\/icone-impressao-prime-az-meta.png\" class=\"attachment-full size-full\" alt=\"\" loading=\"lazy\" \/><\/div><\/div><div class=\"wpb_text_column us_custom_c0dd59f4\"><div class=\"wpb_wrapper\"><p>IMPRESS\u00c3O E IMAGEM<\/p>\n<\/div><\/div><\/div><\/div><a href=\"https:\/\/azmeta.com.br\/produtos_categoria\/impressao-e-imagem\/\" class=\"vc_column-link smooth-scroll\" aria-label=\"Link\"><\/a><\/div><div class=\"wpb_column vc_column_container has-link\"><div class=\"vc_column-inner\"><div class=\"w-vwrapper align_center valign_top\" style=\"--vwrapper-gap:0.6rem\"><div class=\"w-image align_none\"><div class=\"w-image-h\"><img decoding=\"async\" width=\"64\" height=\"64\" src=\"https:\/\/azmeta.flowup.agency\/wp-content\/uploads\/2023\/06\/icone-aluguel-prime-az-meta.png\" class=\"attachment-full size-full\" alt=\"\" loading=\"lazy\" \/><\/div><\/div><div class=\"wpb_text_column us_custom_c0dd59f4\"><div class=\"wpb_wrapper\"><p>ALUGUEL DE NOTEBOOKS E TABLETS<\/p>\n<\/div><\/div><\/div><\/div><a href=\"https:\/\/azmeta.com.br\/produtos_categoria\/aluguel-de-notebooks-e-tablets\/\" class=\"vc_column-link smooth-scroll\" aria-label=\"Link\"><\/a><\/div><\/div><\/div><\/section>\n<\/div><\/div><\/div><\/div><\/section><section class=\"l-section wpb_row height_custom\"><div class=\"l-section-h i-cf\"><div class=\"g-cols vc_row via_grid cols_1 laptops-cols_inherit tablets-cols_inherit mobiles-cols_1 valign_top type_default stacking_default\"><div class=\"wpb_column vc_column_container\"><div class=\"vc_column-inner\"><\/div><\/div><\/div><\/div><\/section>\n","protected":false},"excerpt":{"rendered":"Resultados da BuscaAUTOMA\u00c7\u00c3O COMERCIAL E INDUSTRIAL PERIF\u00c9RICOS E ACESS\u00d3RIOS DE INFORM\u00c1TICA COMPUTADORES, MONITORES E IMPRESSORAS \u00c1UDIO E V\u00cdDEO IMPRESS\u00c3O E IMAGEM ALUGUEL DE NOTEBOOKS E TABLETS","protected":false},"author":1,"featured_media":0,"parent":0,"menu_order":0,"comment_status":"closed","ping_status":"open","template":"","meta":{"_acf_changed":false,"footnotes":""},"class_list":["post-130","page","type-page","status-publish","hentry"],"acf":[],"_links":{"self":[{"href":"https:\/\/azmeta.flowup.agency\/index.php\/wp-json\/wp\/v2\/pages\/130","targetHints":{"allow":["GET"]}}],"collection":[{"href":"https:\/\/azmeta.flowup.agency\/index.php\/wp-json\/wp\/v2\/pages"}],"about":[{"href":"https:\/\/azmeta.flowup.agency\/index.php\/wp-json\/wp\/v2\/types\/page"}],"author":[{"embeddable":true,"href":"https:\/\/azmeta.flowup.agency\/index.php\/wp-json\/wp\/v2\/users\/1"}],"replies":[{"embeddable":true,"href":"https:\/\/azmeta.flowup.agency\/index.php\/wp-json\/wp\/v2\/comments?post=130"}],"version-history":[{"count":0,"href":"https:\/\/azmeta.flowup.agency\/index.php\/wp-json\/wp\/v2\/pages\/130\/revisions"}],"wp:attachment":[{"href":"https:\/\/azmeta.flowup.agency\/index.php\/wp-json\/wp\/v2\/media?parent=130"}],"curies":[{"name":"wp","href":"https:\/\/api.w.org\/{rel}","templated":true}]}}