{"id":150,"date":"2023-06-06T17:19:35","date_gmt":"2023-06-06T20:19:35","guid":{"rendered":"https:\/\/azmeta.com.br\/?page_id=150"},"modified":"2023-06-06T17:19:35","modified_gmt":"2023-06-06T20:19:35","slug":"servicos","status":"publish","type":"page","link":"https:\/\/azmeta.flowup.agency\/index.php\/servicos\/","title":{"rendered":"Servi\u00e7os"},"content":{"rendered":"<section class=\"l-section wpb_row height_custom\"><div class=\"l-section-h i-cf\"><div class=\"g-cols vc_row via_grid cols_1 laptops-cols_inherit tablets-cols_inherit mobiles-cols_1 valign_top type_default stacking_default\"><div class=\"wpb_column vc_column_container\"><div class=\"vc_column-inner\"><div class=\"wpb_text_column\"><div class=\"wpb_wrapper\"><h4><strong>Loca\u00e7\u00e3o de Notebooks Dell Latitude<\/strong><\/h4>\n<p>Composta de dispositivos compactos, leves, vers\u00e1teis e munidos de alta performance, a fam\u00edlia Dell Latitude \u00e9 a melhor escolha para quaisquer profissionais e ambientes de trabalho. Atualizados recentemente para a 12\u00aa gera\u00e7\u00e3o de processadores da Intel\u00ae com Intel vPro\u00ae, acompanhados de design Intel\u00ae Evo\u2122 nas s\u00e9ries 7000 e 9000, os modelos da linha Latitude entregam pot\u00eancia, longa dura\u00e7\u00e3o de bateria, conectividade avan\u00e7ada e m\u00e1xima seguran\u00e7a.<\/p>\n<p>Dispon\u00edveis em formatos flex\u00edveis e escal\u00e1veis, incluindo op\u00e7\u00f5es 2 em 1 com a mesma imagem e BIOS, os laptops contam com solu\u00e7\u00f5es t\u00e9rmicas robustas que entregam menores temperaturas e ru\u00eddo, trazem constru\u00e7\u00e3o premium com op\u00e7\u00f5es em fibra de carbono e alum\u00ednio, e foram submetidos a testes rigorosos para obter a certifica\u00e7\u00e3o MIL-STD 810H, que atesta durabilidade e confiabilidade.<\/p>\n<p>Parte do portf\u00f3lio est\u00e1 dispon\u00edvel com telas de borda ultrafina com privacidade SafeShutter e SafeScreen. Em comum, os modelos da fam\u00edlia trazem ainda longa vida \u00fatil de bateria e recursos avan\u00e7ados de seguran\u00e7a em hardware e software.<\/p>\n<p>A linha tamb\u00e9m emprega a su\u00edte Dell Optimizer, que utiliza Intelig\u00eancia Artificial para aprimorar o desempenho, a conectividade e a produtividade, com recursos como \u00e1udio inteligente e op\u00e7\u00f5es de conectividade r\u00e1pida, incluindo Wi-Fi 6E e Wi-Fi 6.<\/p>\n<p>Fora isso, a fam\u00edlia Dell Latitude possui etiqueta EPEAT Gold, que certifica a sustentabilidade dos dispositivos, empregando materiais reciclados ou renov\u00e1veis na constru\u00e7\u00e3o, embalagens sustent\u00e1veis e escolhas na cadeia de suprimentos dedicadas a reduzir a emiss\u00e3o de carbono.<\/p>\n<p>&nbsp;<\/p>\n<h4><strong>Loca\u00e7\u00e3o Tablets<\/strong><\/h4>\n<p>Com o aluguel de tablets voc\u00ea pode desfrutar das mais modernas funcionalidades que os tablets oferecem, sem preocupa\u00e7\u00e3o e com garantia de qualidade.<\/p>\n<p>Nossos tablets s\u00e3o os mais modernos e com alta performance, garantindo agilidade na entrega e clientes satisfeitos.<\/p>\n<p>Fa\u00e7a a loca\u00e7\u00e3o de tablets para eventos corporativos, viagens, confer\u00eancias, projetos de capta\u00e7\u00e3o de dados ou qualquer outro projeto que necessite de um tablet.<\/p>\n<p>Se voc\u00ea precisa alugar um tablet, solicite um or\u00e7amento e confira as melhores condi\u00e7\u00f5es para aluguel.<\/p>\n<\/div><\/div><\/div><\/div><\/div><\/div><\/section><section class=\"l-section wpb_row height_custom\"><div class=\"l-section-h i-cf\"><div class=\"g-cols vc_row via_grid cols_1 laptops-cols_inherit tablets-cols_inherit mobiles-cols_1 valign_top type_default stacking_default\"><div class=\"wpb_column vc_column_container\"><div class=\"vc_column-inner\"><div class=\"w-btn-wrapper align_center\"><a class=\"w-btn us-btn-style_14\" title=\"Contato\" href=\"https:\/\/azmeta.com.br\/contato\/\"><span class=\"w-btn-label\">SOLICITE UM OR\u00c7AMENTO<\/span><\/a><\/div><\/div><\/div><\/div><\/div><\/section>\n","protected":false},"excerpt":{"rendered":"Loca\u00e7\u00e3o de Notebooks Dell Latitude Composta de dispositivos compactos, leves, vers\u00e1teis e munidos de alta performance, a fam\u00edlia Dell Latitude \u00e9 a melhor escolha para quaisquer profissionais e ambientes de trabalho. Atualizados recentemente para a 12\u00aa gera\u00e7\u00e3o de processadores da Intel\u00ae com Intel vPro\u00ae, acompanhados de design Intel\u00ae Evo\u2122 nas s\u00e9ries 7000 e 9000, os...","protected":false},"author":1,"featured_media":0,"parent":0,"menu_order":0,"comment_status":"closed","ping_status":"closed","template":"","meta":{"_acf_changed":false,"footnotes":""},"class_list":["post-150","page","type-page","status-publish","hentry"],"acf":[],"_links":{"self":[{"href":"https:\/\/azmeta.flowup.agency\/index.php\/wp-json\/wp\/v2\/pages\/150","targetHints":{"allow":["GET"]}}],"collection":[{"href":"https:\/\/azmeta.flowup.agency\/index.php\/wp-json\/wp\/v2\/pages"}],"about":[{"href":"https:\/\/azmeta.flowup.agency\/index.php\/wp-json\/wp\/v2\/types\/page"}],"author":[{"embeddable":true,"href":"https:\/\/azmeta.flowup.agency\/index.php\/wp-json\/wp\/v2\/users\/1"}],"replies":[{"embeddable":true,"href":"https:\/\/azmeta.flowup.agency\/index.php\/wp-json\/wp\/v2\/comments?post=150"}],"version-history":[{"count":0,"href":"https:\/\/azmeta.flowup.agency\/index.php\/wp-json\/wp\/v2\/pages\/150\/revisions"}],"wp:attachment":[{"href":"https:\/\/azmeta.flowup.agency\/index.php\/wp-json\/wp\/v2\/media?parent=150"}],"curies":[{"name":"wp","href":"https:\/\/api.w.org\/{rel}","templated":true}]}}