{"id":36,"date":"2023-06-04T14:15:50","date_gmt":"2023-06-04T17:15:50","guid":{"rendered":"https:\/\/azmeta.com.br\/?page_id=36"},"modified":"2023-06-04T14:15:50","modified_gmt":"2023-06-04T17:15:50","slug":"quem-somos","status":"publish","type":"page","link":"https:\/\/azmeta.flowup.agency\/index.php\/quem-somos\/","title":{"rendered":"Quem Somos"},"content":{"rendered":"<section class=\"l-section wpb_row height_custom\"><div class=\"l-section-h i-cf\"><div class=\"g-cols vc_row via_grid cols_1 laptops-cols_inherit tablets-cols_inherit mobiles-cols_1 valign_top type_default stacking_default\"><div class=\"wpb_column vc_column_container\"><div class=\"vc_column-inner\"><div class=\"g-cols wpb_row via_grid cols_2-1 laptops-cols_inherit tablets-cols_inherit mobiles-cols_1 valign_top type_default stacking_default\" style=\"--columns-gap:3rem;\"><div class=\"wpb_column vc_column_container\"><div class=\"vc_column-inner\"><div class=\"wpb_text_column\"><div class=\"wpb_wrapper\"><h4><strong>A Prime AZ META \u00e9 uma empresa que atua na venda, leasing e aluguel de produtos de inform\u00e1tica, tanto ativos quanto perif\u00e9ricos.<\/strong><\/h4>\n<p>Temos como compromisso oferecer solu\u00e7\u00f5es adequadas para os novos tempos, considerando o cen\u00e1rio atual de Home Office Hibrido, e adaptando nossos prazos \u00e0s necessidades dos clientes.<\/p>\n<p>Nosso compromisso \u00e9 criar solu\u00e7\u00f5es adequadas aos novos tempos, considerando o cen\u00e1rio de Home Office H\u00edbrido, e adaptar nossos prazos \u00e0s necessidades dos clientes. Na PRIME AZ META, oferecemos servi\u00e7os de qualidade que atendem \u00e0s necessidades espec\u00edficas dos nossos clientes. Nossa empresa \u00e9 \u00e1gil e flex\u00edvel diante dos novos cen\u00e1rios econ\u00f4micos, respondendo \u00e0s demandas dos clientes com prazos mais curtos do que o padr\u00e3o do mercado.<\/p>\n<\/div><\/div><div class=\"w-separator size_medium\"><\/div><\/div><\/div><div class=\"wpb_column vc_column_container\"><div class=\"vc_column-inner\"><div class=\"w-image align_center\"><div class=\"w-image-h\"><img decoding=\"async\" class=\"g-placeholder\" src=\"https:\/\/azmeta.flowup.agency\/wp-content\/plugins\/us-core\/assets\/images\/placeholder.svg\" width=\"\" height=\"\" alt><\/div><\/div><\/div><\/div><\/div><div class=\"wpb_text_column\"><div class=\"wpb_wrapper\"><h4><strong>Nossas solu\u00e7\u00f5es<\/strong><\/h4>\n<p>Oferecemos diferentes solu\u00e7\u00f5es para atender \u00e0s necessidades dos nossos clientes:<\/p>\n<ul>\n<li>Venda direta e distribui\u00e7\u00e3o: Trabalhamos com vendas diretas e tamb\u00e9m por meio de distribuidores, garantindo op\u00e7\u00f5es para os clientes adquirirem nossos produtos de forma conveniente.<\/li>\n<li>Leasing, aluguel e outsourcing de equipamentos: Oferecemos servi\u00e7os de leasing e aluguel de equipamentos, permitindo que as empresas tenham acesso aos recursos de inform\u00e1tica necess\u00e1rios sem a necessidade de um grande investimento inicial. Al\u00e9m disso, fornecemos servi\u00e7os de outsourcing para que as empresas possam terceirizar a gest\u00e3o dos seus equipamentos de inform\u00e1tica.<\/li>\n<li>Entrega r\u00e1pida de insumos e perif\u00e9ricos: Priorizamos a agilidade na entrega de insumos e perif\u00e9ricos, garantindo que os clientes recebam os produtos no mesmo dia ou no dia seguinte, de acordo com sua necessidade.<\/li>\n<li>Contrato de gest\u00e3o de estoque: Oferecemos um contrato de gest\u00e3o de estoque de perif\u00e9ricos e insumos de TI, com reposi\u00e7\u00e3o autom\u00e1tica. Dessa forma, os clientes podem contar conosco para garantir que tenham sempre os suprimentos necess\u00e1rios para suas opera\u00e7\u00f5es, sem se preocupar com a reposi\u00e7\u00e3o.<\/li>\n<\/ul>\n<p>Estamos constantemente buscando melhorar nossos servi\u00e7os e solu\u00e7\u00f5es para atender \u00e0s demandas do mercado em constante evolu\u00e7\u00e3o. A Prime AZ META est\u00e1 aqui para ser seu parceiro confi\u00e1vel em solu\u00e7\u00f5es de inform\u00e1tica.<\/p>\n<\/div><\/div><\/div><\/div><\/div><\/div><\/section><section class=\"l-section wpb_row height_large color_primary with_img\"><div class=\"l-section-img\" role=\"img\" data-img-width=\"1918\" data-img-height=\"590\" style=\"background-image: url(https:\/\/azmeta.flowup.agency\/wp-content\/uploads\/2023\/06\/fundo-quem-somos-prime-az-meta.jpg);background-repeat: no-repeat;\"><\/div><div class=\"l-section-h i-cf\"><div class=\"g-cols vc_row via_grid cols_1 laptops-cols_inherit tablets-cols_inherit mobiles-cols_1 valign_top type_default stacking_default\"><div class=\"wpb_column vc_column_container\"><div class=\"vc_column-inner\"><div class=\"w-image align_center\"><div class=\"w-image-h\"><img decoding=\"async\" src=\"https:\/\/azmeta.flowup.agency\/wp-content\/uploads\/2023\/08\/logo-az-meta-2.svg\" class=\"attachment-full size-full\" alt=\"\" loading=\"lazy\" \/><\/div><\/div><div class=\"w-separator size_medium\"><\/div><div class=\"wpb_text_column us_custom_eb849559\"><div class=\"wpb_wrapper\"><h4><em><strong>&#8220;A inova\u00e7\u00e3o \u00e9 a ferramenta mais forte para o sucesso de uma organiza\u00e7\u00e3o&#8221;<\/strong><\/em><\/h4>\n<\/div><\/div><\/div><\/div><\/div><\/div><\/section><section class=\"l-section wpb_row height_custom\"><div class=\"l-section-h i-cf\"><div class=\"g-cols vc_row via_grid cols_1 laptops-cols_inherit tablets-cols_inherit mobiles-cols_1 valign_top type_default stacking_default\"><div class=\"wpb_column vc_column_container\"><div class=\"vc_column-inner\"><section class=\"l-section wpb_row height_auto\"><div class=\"l-section-h i-cf\"><div class=\"g-cols vc_row via_grid cols_1 laptops-cols_inherit tablets-cols_inherit mobiles-cols_1 valign_top type_default stacking_default\"><div class=\"wpb_column vc_column_container\"><div class=\"vc_column-inner\"><div class=\"w-grid type_carousel layout_52 items_6\" id=\"us_grid_1\" style=\"--items:6;--gap:1rem;\"><style>.layout_52 .w-grid-item-h{}<\/style><div class=\"w-grid-list owl-carousel valign_stretch dotstyle_circle navstyle_block navpos_outside owl-responsive-2000 with_arrows\" style=\"--transition-duration:350ms;--arrows-size:1.5rem;\">\t<article class=\"w-grid-item post-43 attachment type-attachment status-inherit hentry\" data-id=\"43\">\r\n\t\t<div class=\"w-grid-item-h\">\r\n\t\t\t\t\t\t<div class=\"w-post-elm post_image usg_post_image_1\"><img loading=\"lazy\" decoding=\"async\" width=\"150\" height=\"70\" src=\"https:\/\/azmeta.flowup.agency\/wp-content\/uploads\/2023\/06\/logos-1-prime-az-meta.jpg\" class=\"attachment-full size-full\" alt=\"\" \/><\/div>\t\t<\/div>\r\n\t\t\t<\/article>\r\n\t<article class=\"w-grid-item post-44 attachment type-attachment status-inherit hentry\" data-id=\"44\">\r\n\t\t<div class=\"w-grid-item-h\">\r\n\t\t\t\t\t\t<div class=\"w-post-elm post_image usg_post_image_1\"><img loading=\"lazy\" decoding=\"async\" width=\"150\" height=\"70\" src=\"https:\/\/azmeta.flowup.agency\/wp-content\/uploads\/2023\/06\/logos-2-prime-az-meta.jpg\" class=\"attachment-full size-full\" alt=\"\" \/><\/div>\t\t<\/div>\r\n\t\t\t<\/article>\r\n\t<article class=\"w-grid-item post-45 attachment type-attachment status-inherit hentry\" data-id=\"45\">\r\n\t\t<div class=\"w-grid-item-h\">\r\n\t\t\t\t\t\t<div class=\"w-post-elm post_image usg_post_image_1\"><img loading=\"lazy\" decoding=\"async\" width=\"150\" height=\"70\" src=\"https:\/\/azmeta.flowup.agency\/wp-content\/uploads\/2023\/06\/logos-3-prime-az-meta.jpg\" class=\"attachment-full size-full\" alt=\"\" \/><\/div>\t\t<\/div>\r\n\t\t\t<\/article>\r\n\t<article class=\"w-grid-item post-46 attachment type-attachment status-inherit hentry\" data-id=\"46\">\r\n\t\t<div class=\"w-grid-item-h\">\r\n\t\t\t\t\t\t<div class=\"w-post-elm post_image usg_post_image_1\"><img loading=\"lazy\" decoding=\"async\" width=\"150\" height=\"70\" src=\"https:\/\/azmeta.flowup.agency\/wp-content\/uploads\/2023\/06\/logos-4-prime-az-meta.jpg\" class=\"attachment-full size-full\" alt=\"\" \/><\/div>\t\t<\/div>\r\n\t\t\t<\/article>\r\n\t<article class=\"w-grid-item post-47 attachment type-attachment status-inherit hentry\" data-id=\"47\">\r\n\t\t<div class=\"w-grid-item-h\">\r\n\t\t\t\t\t\t<div class=\"w-post-elm post_image usg_post_image_1\"><img loading=\"lazy\" decoding=\"async\" width=\"150\" height=\"70\" src=\"https:\/\/azmeta.flowup.agency\/wp-content\/uploads\/2023\/06\/logos-5-prime-az-meta.jpg\" class=\"attachment-full size-full\" alt=\"\" \/><\/div>\t\t<\/div>\r\n\t\t\t<\/article>\r\n\t<article class=\"w-grid-item post-48 attachment type-attachment status-inherit hentry\" data-id=\"48\">\r\n\t\t<div class=\"w-grid-item-h\">\r\n\t\t\t\t\t\t<div class=\"w-post-elm post_image usg_post_image_1\"><img loading=\"lazy\" decoding=\"async\" width=\"150\" height=\"70\" src=\"https:\/\/azmeta.flowup.agency\/wp-content\/uploads\/2023\/06\/logos-6-prime-az-meta.jpg\" class=\"attachment-full size-full\" alt=\"\" \/><\/div>\t\t<\/div>\r\n\t\t\t<\/article>\r\n\t<article class=\"w-grid-item post-49 attachment type-attachment status-inherit hentry\" data-id=\"49\">\r\n\t\t<div class=\"w-grid-item-h\">\r\n\t\t\t\t\t\t<div class=\"w-post-elm post_image usg_post_image_1\"><img loading=\"lazy\" decoding=\"async\" width=\"150\" height=\"70\" src=\"https:\/\/azmeta.flowup.agency\/wp-content\/uploads\/2023\/06\/logos-7-prime-az-meta.jpg\" class=\"attachment-full size-full\" alt=\"\" \/><\/div>\t\t<\/div>\r\n\t\t\t<\/article>\r\n<\/div>\t<div class=\"g-preloader type_1\">\r\n\t\t<div><\/div>\r\n\t<\/div>\r\n\t\t<div class=\"w-grid-json hidden\" onclick='return {&quot;action&quot;:&quot;us_ajax_grid&quot;,&quot;infinite_scroll&quot;:0,&quot;max_num_pages&quot;:1,&quot;pagination&quot;:&quot;none&quot;,&quot;template_vars&quot;:{&quot;columns&quot;:&quot;&quot;,&quot;exclude_items&quot;:&quot;none&quot;,&quot;img_size&quot;:&quot;default&quot;,&quot;ignore_items_size&quot;:0,&quot;items_layout&quot;:&quot;52&quot;,&quot;items_offset&quot;:&quot;0px&quot;,&quot;load_animation&quot;:&quot;none&quot;,&quot;overriding_link&quot;:&quot;{\\&quot;url\\&quot;:\\&quot;\\&quot;}&quot;,&quot;post_id&quot;:42,&quot;query_args&quot;:{&quot;post_type&quot;:[&quot;attachment&quot;],&quot;post__in&quot;:[&quot;43&quot;,&quot;44&quot;,&quot;45&quot;,&quot;46&quot;,&quot;47&quot;,&quot;48&quot;,&quot;49&quot;],&quot;post_status&quot;:&quot;inherit&quot;,&quot;post_mime_type&quot;:&quot;image&quot;,&quot;posts_per_page&quot;:999},&quot;orderby_query_args&quot;:{&quot;orderby&quot;:{&quot;post__in&quot;:&quot;ASC&quot;},&quot;order&quot;:&quot;ASC&quot;},&quot;type&quot;:&quot;carousel&quot;,&quot;us_grid_post_type&quot;:&quot;attachment&quot;,&quot;us_grid_ajax_index&quot;:1,&quot;us_grid_filter_query_string&quot;:null,&quot;us_grid_index&quot;:1,&quot;page_args&quot;:[]},&quot;carousel_settings&quot;:{&quot;aria_labels&quot;:{&quot;prev&quot;:&quot;Anterior&quot;,&quot;next&quot;:&quot;Seguinte&quot;},&quot;autoplayContinual&quot;:false,&quot;autoplayHoverPause&quot;:false,&quot;autoplayTimeout&quot;:3000,&quot;autoWidth&quot;:false,&quot;smartSpeed&quot;:350,&quot;margin&quot;:0,&quot;mouseDrag&quot;:true,&quot;rtl&quot;:false,&quot;slideBy&quot;:&quot;1&quot;,&quot;touchDrag&quot;:true,&quot;slideTransition&quot;:&quot;&quot;,&quot;responsive&quot;:{&quot;0&quot;:{&quot;autoHeight&quot;:false,&quot;autoplay&quot;:true,&quot;autoWidth&quot;:false,&quot;center&quot;:false,&quot;dots&quot;:false,&quot;items&quot;:2,&quot;loop&quot;:true,&quot;nav&quot;:false,&quot;stagePadding&quot;:0,&quot;slideBy&quot;:&quot;1&quot;},&quot;601&quot;:{&quot;autoHeight&quot;:false,&quot;autoplay&quot;:true,&quot;autoWidth&quot;:false,&quot;center&quot;:false,&quot;dots&quot;:false,&quot;items&quot;:3,&quot;loop&quot;:true,&quot;nav&quot;:true,&quot;stagePadding&quot;:0,&quot;slideBy&quot;:&quot;1&quot;},&quot;1025&quot;:{&quot;autoHeight&quot;:false,&quot;autoplay&quot;:true,&quot;autoWidth&quot;:false,&quot;center&quot;:false,&quot;dots&quot;:false,&quot;items&quot;:4,&quot;loop&quot;:true,&quot;nav&quot;:true,&quot;stagePadding&quot;:0,&quot;slideBy&quot;:&quot;1&quot;},&quot;1381&quot;:{&quot;items&quot;:6,&quot;autoplay&quot;:true,&quot;center&quot;:false,&quot;dots&quot;:false,&quot;nav&quot;:true,&quot;autoHeight&quot;:false,&quot;autoWidth&quot;:false,&quot;loop&quot;:true,&quot;stagePadding&quot;:0}}}}'><\/div>\r\n\t<\/div><\/div><\/div><\/div><\/div><\/section>\n<\/div><\/div><\/div><\/div><\/section>\n","protected":false},"excerpt":{"rendered":"","protected":false},"author":1,"featured_media":0,"parent":0,"menu_order":0,"comment_status":"closed","ping_status":"open","template":"","meta":{"_acf_changed":false,"footnotes":""},"class_list":["post-36","page","type-page","status-publish","hentry"],"acf":[],"_links":{"self":[{"href":"https:\/\/azmeta.flowup.agency\/index.php\/wp-json\/wp\/v2\/pages\/36","targetHints":{"allow":["GET"]}}],"collection":[{"href":"https:\/\/azmeta.flowup.agency\/index.php\/wp-json\/wp\/v2\/pages"}],"about":[{"href":"https:\/\/azmeta.flowup.agency\/index.php\/wp-json\/wp\/v2\/types\/page"}],"author":[{"embeddable":true,"href":"https:\/\/azmeta.flowup.agency\/index.php\/wp-json\/wp\/v2\/users\/1"}],"replies":[{"embeddable":true,"href":"https:\/\/azmeta.flowup.agency\/index.php\/wp-json\/wp\/v2\/comments?post=36"}],"version-history":[{"count":0,"href":"https:\/\/azmeta.flowup.agency\/index.php\/wp-json\/wp\/v2\/pages\/36\/revisions"}],"wp:attachment":[{"href":"https:\/\/azmeta.flowup.agency\/index.php\/wp-json\/wp\/v2\/media?parent=36"}],"curies":[{"name":"wp","href":"https:\/\/api.w.org\/{rel}","templated":true}]}}